{"id":55,"date":"2019-09-03T15:16:25","date_gmt":"2019-09-03T15:16:25","guid":{"rendered":"https:\/\/bv-training.ch\/?page_id=55"},"modified":"2019-09-03T20:53:45","modified_gmt":"2019-09-03T20:53:45","slug":"ueber-mich","status":"publish","type":"page","link":"https:\/\/bv-training.ch\/index.php\/ueber-mich\/","title":{"rendered":"\u00dcber mich"},"content":{"rendered":"<h1><img decoding=\"async\" loading=\"lazy\" class=\"alignnone size-medium wp-image-50\" src=\"https:\/\/bv-training.ch\/wp-content\/uploads\/2019\/09\/\u00fcber-mich-185x300.jpg\" alt=\"\" width=\"185\" height=\"300\" srcset=\"https:\/\/bv-training.ch\/wp-content\/uploads\/2019\/09\/\u00fcber-mich-185x300.jpg 185w, https:\/\/bv-training.ch\/wp-content\/uploads\/2019\/09\/\u00fcber-mich.jpg 508w\" sizes=\"(max-width: 185px) 100vw, 185px\" \/><\/h1>\n<h1><strong><span style=\"color: #d41919;\">Beatrice Vetsch<\/span><br \/>\n<\/strong><\/h1>\n<p>Trainerin f\u00fcr Arbeitstechnik, Visualisierung und Kommunikation<\/p>\n<p>Dozentin f\u00fcr Personalmanagement<\/p>\n<p>&nbsp;<\/p>\n<p><strong>Aus- und Weiterbildung<\/strong><\/p>\n<ul>\n<li style=\"list-style-type: none;\">\n<ul>\n<li>Dipl. Psychologin FH<\/li>\n<li>Ausbilderin mit eidgen\u00f6ssischen Fachausweis<\/li>\n<li>Dipl Personalleiterin<\/li>\n<li>Berufsbilderin<\/li>\n<li>Lehrpatent<\/li>\n<\/ul>\n<\/li>\n<\/ul>\n<p><strong><br \/>\nBerufliche Stationen<\/strong><\/p>\n<p>seit 2018\u00a0\u00a0\u00a0\u00a0\u00a0\u00a0\u00a0\u00a0\u00a0\u00a0\u00a0\u00a0\u00a0\u00a0\u00a0\u00a0\u00a0\u00a0\u00a0\u00a0\u00a0\u00a0 Gesch\u00e4ftsf\u00fchrerin \/ Inhaberin BVision GmbH<\/p>\n<p>2011 bis 2017\u00a0\u00a0\u00a0\u00a0\u00a0\u00a0\u00a0\u00a0\u00a0\u00a0\u00a0\u00a0\u00a0 Personalleiterin Super Computing Systems AG, Z\u00fcrich<\/p>\n<p>2008 bis 2011 \u00a0\u00a0\u00a0\u00a0\u00a0\u00a0\u00a0\u00a0\u00a0\u00a0\u00a0 Bereichspersonalchefin Nachwuchs Senior, Z\u00fcrcher Kantonalbank Z\u00fcrich<\/p>\n<p>2003 bis 2008 \u00a0\u00a0\u00a0\u00a0\u00a0\u00a0\u00a0\u00a0\u00a0 Berufs- und Laufbahnberaterin (studienbegleitend) Berufs- und Laufbahnzentrum Horgen und Oerlikon<\/p>\n<p>1996 bis 2003 \u00a0\u00a0\u00a0\u00a0\u00a0\u00a0\u00a0\u00a0\u00a0\u00a0 Lehrerin in Baden und Z\u00fcrich<\/p>\n<p><strong>Aktuelle Lehrauftr\u00e4ge und Zusammenarbeit bei\/mit<\/strong><\/p>\n<p>seit 2014 \u00a0\u00a0\u00a0\u00a0\u00a0\u00a0\u00a0\u00a0\u00a0\u00a0\u00a0\u00a0\u00a0\u00a0\u00a0\u00a0\u00a0\u00a0\u00a0\u00a0\u00a0\u00a0 Schweizerisches Institut f\u00fcr Betriebs\u00f6konomie Z\u00fcrich<br \/>\nseit 2015\u00a0\u00a0\u00a0\u00a0\u00a0\u00a0\u00a0\u00a0\u00a0\u00a0\u00a0\u00a0\u00a0\u00a0\u00a0\u00a0\u00a0\u00a0\u00a0\u00a0\u00a0\u00a0\u00a0 Bildungszentrum Uster<br \/>\nseit 2016 \u00a0\u00a0\u00a0\u00a0\u00a0\u00a0\u00a0\u00a0\u00a0\u00a0\u00a0\u00a0\u00a0\u00a0\u00a0\u00a0\u00a0\u00a0\u00a0\u00a0\u00a0\u00a0 KV Business School, Z\u00fcrich<br \/>\nseit 2018 \u00a0\u00a0\u00a0\u00a0\u00a0\u00a0\u00a0\u00a0\u00a0\u00a0\u00a0\u00a0\u00a0\u00a0\u00a0\u00a0\u00a0\u00a0\u00a0\u00a0\u00a0\u00a0 HSO Oerlikon<strong>\u00a0\u00a0 <\/strong><\/p>\n<p><strong>Kernkompetenzen<\/strong><\/p>\n","protected":false},"excerpt":{"rendered":"<p>Beatrice Vetsch Trainerin f\u00fcr Arbeitstechnik, Visualisierung und Kommunikation Dozentin f\u00fcr Personalmanagement &nbsp; Aus- und Weiterbildung Dipl. Psychologin FH Ausbilderin mit eidgen\u00f6ssischen Fachausweis Dipl Personalleiterin Berufsbilderin Lehrpatent Berufliche Stationen seit 2018\u00a0\u00a0\u00a0\u00a0\u00a0\u00a0\u00a0\u00a0\u00a0\u00a0\u00a0\u00a0\u00a0\u00a0\u00a0\u00a0\u00a0\u00a0\u00a0\u00a0\u00a0\u00a0 Gesch\u00e4ftsf\u00fchrerin \/ Inhaberin BVision GmbH 2011 bis 2017\u00a0\u00a0\u00a0\u00a0\u00a0\u00a0\u00a0\u00a0\u00a0\u00a0\u00a0\u00a0\u00a0 Personalleiterin Super Computing Systems AG, Z\u00fcrich 2008 bis 2011 \u00a0\u00a0\u00a0\u00a0\u00a0\u00a0\u00a0\u00a0\u00a0\u00a0\u00a0 Bereichspersonalchefin Nachwuchs Senior, Z\u00fcrcher Kantonalbank Z\u00fcrich 2003 &hellip; <\/p>\n<p class=\"link-more\"><a href=\"https:\/\/bv-training.ch\/index.php\/ueber-mich\/\" class=\"more-link\"><span class=\"screen-reader-text\">&#171;\u00dcber mich&#187;<\/span> weiterlesen<\/a><\/p>\n","protected":false},"author":1,"featured_media":0,"parent":0,"menu_order":0,"comment_status":"closed","ping_status":"closed","template":"","meta":[],"_links":{"self":[{"href":"https:\/\/bv-training.ch\/index.php\/wp-json\/wp\/v2\/pages\/55"}],"collection":[{"href":"https:\/\/bv-training.ch\/index.php\/wp-json\/wp\/v2\/pages"}],"about":[{"href":"https:\/\/bv-training.ch\/index.php\/wp-json\/wp\/v2\/types\/page"}],"author":[{"embeddable":true,"href":"https:\/\/bv-training.ch\/index.php\/wp-json\/wp\/v2\/users\/1"}],"replies":[{"embeddable":true,"href":"https:\/\/bv-training.ch\/index.php\/wp-json\/wp\/v2\/comments?post=55"}],"version-history":[{"count":10,"href":"https:\/\/bv-training.ch\/index.php\/wp-json\/wp\/v2\/pages\/55\/revisions"}],"predecessor-version":[{"id":142,"href":"https:\/\/bv-training.ch\/index.php\/wp-json\/wp\/v2\/pages\/55\/revisions\/142"}],"wp:attachment":[{"href":"https:\/\/bv-training.ch\/index.php\/wp-json\/wp\/v2\/media?parent=55"}],"curies":[{"name":"wp","href":"https:\/\/api.w.org\/{rel}","templated":true}]}}