{"id":64,"date":"2019-09-03T16:38:43","date_gmt":"2019-09-03T16:38:43","guid":{"rendered":"https:\/\/bv-training.ch\/?page_id=64"},"modified":"2019-09-03T21:09:34","modified_gmt":"2019-09-03T21:09:34","slug":"inhalte-visuell-darstellen","status":"publish","type":"page","link":"https:\/\/bv-training.ch\/index.php\/inhalte-visuell-darstellen\/","title":{"rendered":"Inhalte visuell darstellen"},"content":{"rendered":"<p><strong>Sie erlernen eine bestimmte Strategie und klare Regeln um Inhalte visuell<br \/>\nzu dokumentieren.<\/strong><\/p>\n<p><strong>Inhalte:<\/strong><\/p>\n<ul>\n<li><strong>Die Welt der visuellen Sprache<\/strong><\/li>\n<li><strong>Zeichnerische Vorgehensweise<\/strong><\/li>\n<li><strong>visuelles Vokabular<\/strong><\/li>\n<li><strong>Farbe gezielt einsetzen<\/strong><\/li>\n<li><strong>Schriften und Titel<\/strong><\/li>\n<li><strong>Menschen und Gegenst\u00e4nde <\/strong><\/li>\n<li><strong>Schritt-f\u00fcr-Schritt-Verfahren<\/strong><\/li>\n<li><strong>Viele \u00dcbungsm\u00f6glichkeiten mit Texten, Audio und Video<\/strong><\/li>\n<\/ul>\n<p><strong>\u00a0<\/strong><\/p>\n<p><strong>Tauchen sie ein in die Welt der visuellen Sprache!<\/strong><\/p>\n<p>&nbsp;<\/p>\n","protected":false},"excerpt":{"rendered":"<p>Sie erlernen eine bestimmte Strategie und klare Regeln um Inhalte visuell zu dokumentieren. Inhalte: Die Welt der visuellen Sprache Zeichnerische Vorgehensweise visuelles Vokabular Farbe gezielt einsetzen Schriften und Titel Menschen und Gegenst\u00e4nde Schritt-f\u00fcr-Schritt-Verfahren Viele \u00dcbungsm\u00f6glichkeiten mit Texten, Audio und Video \u00a0 Tauchen sie ein in die Welt der visuellen Sprache! &nbsp;<\/p>\n","protected":false},"author":1,"featured_media":0,"parent":0,"menu_order":0,"comment_status":"closed","ping_status":"closed","template":"","meta":[],"_links":{"self":[{"href":"https:\/\/bv-training.ch\/index.php\/wp-json\/wp\/v2\/pages\/64"}],"collection":[{"href":"https:\/\/bv-training.ch\/index.php\/wp-json\/wp\/v2\/pages"}],"about":[{"href":"https:\/\/bv-training.ch\/index.php\/wp-json\/wp\/v2\/types\/page"}],"author":[{"embeddable":true,"href":"https:\/\/bv-training.ch\/index.php\/wp-json\/wp\/v2\/users\/1"}],"replies":[{"embeddable":true,"href":"https:\/\/bv-training.ch\/index.php\/wp-json\/wp\/v2\/comments?post=64"}],"version-history":[{"count":6,"href":"https:\/\/bv-training.ch\/index.php\/wp-json\/wp\/v2\/pages\/64\/revisions"}],"predecessor-version":[{"id":147,"href":"https:\/\/bv-training.ch\/index.php\/wp-json\/wp\/v2\/pages\/64\/revisions\/147"}],"wp:attachment":[{"href":"https:\/\/bv-training.ch\/index.php\/wp-json\/wp\/v2\/media?parent=64"}],"curies":[{"name":"wp","href":"https:\/\/api.w.org\/{rel}","templated":true}]}}